{"id":1174,"date":"2025-10-25T16:35:19","date_gmt":"2025-10-25T14:35:19","guid":{"rendered":"https:\/\/dzwignice.pl\/szkolenia-operatorow\/polityka-prywatnosci\/"},"modified":"2025-10-25T16:35:19","modified_gmt":"2025-10-25T14:35:19","slug":"polityka-prywatnosci","status":"publish","type":"page","link":"https:\/\/dzwignice.pl\/szkolenia-operatorow\/polityka-prywatnosci\/","title":{"rendered":"Polityka prywatno\u015bci"},"content":{"rendered":"<div style=\"padding-top:48px; padding-bottom:48px;\">\n<h1 style=\"text-align:center;\">Polityka prywatno\u015bci<\/h1>\n<p>Polityka prywatno\u015bci Firma D\u017awigowa Jakub Urbanek okre\u015bla zasady zbierania, przetwarzania oraz wykorzystywania Pa\u0144stwa danych osobowych, kt\u00f3re pozyskujemy w trakcie korzystania z us\u0142ug naszego sklepu internetowego. Dok\u0142adamy najlepszych stara\u0144, aby zapewni\u0107 bezpiecze\u0144stwo danych, kt\u00f3re przetwarzamy a nasze dzia\u0142ania nast\u0119puj\u0105 ze szczeg\u00f3lnym poszanowaniem prawa do prywatno\u015bci.<\/p>\n<h2>Administrator danych osobowych<\/h2>\n<p>Administratorem danych osobowych jest Firma D\u017awigowa Jakub Urbanek z siedzib\u0105 w ul. Mazowiecka 108\/9 30-023 Krak\u00f3w, z kt\u00f3rym mog\u0105 Pa\u0144stwo skontaktowa\u0107 si\u0119 drog\u0105 mailow\u0105 na adres jakuburbanek.fdu@gmail.com.<\/p>\n<h2>Jakie dane zbieramy i sk\u0105d je pozyskujemy?<\/h2>\n<p>Dane osobowe pozyskujemy bezpo\u015brednio od Pa\u0144stwa \u2013 zar\u00f3wno podczas korzystania ze strony internetowej, podczas uzupe\u0142niania formularza kontaktowego, rozpatrywania zapyta\u0144 a ich przetwarzanie mo\u017cliwe jest na podstawie wyra\u017conej zgody, uzasadnionego interesu Administratora czy obowi\u0105zk\u00f3w wynikaj\u0105cych z przepis\u00f3w prawa. Podanie tych danych jest dobrowolne, ale ich niepodanie mo\u017ce oznacza\u0107 brak mo\u017cliwo\u015bci rozpatrzenia zapytania.<\/p>\n<h2>W jakim celu przetwarzamy dane?<\/h2>\n<p>Dane zgromadzone w naszej firmie przetwarzamy przede wszystkim, aby udzieli\u0107 odpowiedzi na zadawane pytania i rozpatrze\u0107 wnioski z formularzy. Mo\u017cemy przetwarza\u0107 dane osobowe r\u00f3wnie\u017c w celu realizacji prawnie uzasadnionego interesu czy te\u017c marketingu bezpo\u015bredniego. Dane przetwarzamy r\u00f3wnie\u017c, aby zrealizowa\u0107 obowi\u0105zki na\u0142o\u017cone na nas przepisami prawa.<\/p>\n<h2>Prawa os\u00f3b, kt\u00f3rych dane dotycz\u0105<\/h2>\n<p>Przys\u0142uguje Pa\u0144stwu prawo dost\u0119pu do tre\u015bci swoich danych osobowych oraz prawo do ich sprostowania oraz poprawiania. Mog\u0105 Pa\u0144stwo skorzysta\u0107 r\u00f3wnie\u017c z prawa do usuni\u0119cia danych (z pewnymi ograniczeniami), ograniczenia przetwarzania, przenoszenia danych czy wycofania udzielonej zgody. Przys\u0142uguje Pa\u0144stwo r\u00f3wnie\u017c prawo do wniesienia skargi do organu nadzorczego.<\/p>\n<p>Wszystkie prawa mog\u0105 Pa\u0144stwo zrealizowa\u0107 na kilka sposob\u00f3w, mailowo lub korespondencyjnie na adres wskazany w danych Administratora. Ka\u017cde zg\u0142oszenie powinno zawiera\u0107 dane kontaktowe i preferowan\u0105 form\u0119 kontaktu.<\/p>\n<h2>Udost\u0119pnienie i profilowanie danych<\/h2>\n<p>Odbiorcami danych mog\u0105 by\u0107 podmioty, kt\u00f3re wspieraj\u0105 nas w realizacji us\u0142ug. Zawsze jednak, je\u015bli dochodzi do przekazania danych, ograniczamy si\u0119 do absolutnego minimum. Co do zasady Pa\u0144stwa dane nie b\u0119d\u0105 podlega\u0142y profilowaniu i targetowaniu.<\/p>\n<h2>Linki do stron<\/h2>\n<p>W naszej stronie mog\u0105 pojawia\u0107 si\u0119 linki do innych stron internetowych. Takie strony internetowe dzia\u0142aj\u0105 niezale\u017cnie od nas i nie s\u0105 w \u017caden spos\u00f3b nadzorowane przez nas. Mog\u0105 one posiada\u0107 w\u0142asne polityki dotycz\u0105ce prywatno\u015bci oraz regulaminy, z kt\u00f3rymi polecamy si\u0119 zapozna\u0107.<\/p>\n<h2>PIiki cookies<\/h2>\n<p>Nasza strona ma r\u00f3wnie\u017c dost\u0119p do takich danych jak pliki cookies, ma\u0142ych plik\u00f3w tekstowych, logi lub pliki dziennika. Wszystkie one zawieraj\u0105 okre\u015blone informacje zwi\u0105zane z korzystaniem przez Was z naszej strony. Cho\u0107 w plikach tych mo\u017ce by\u0107 przechowywany numer identyfikuj\u0105cy Pa\u0144stwa urz\u0105dzenie, informacje te nie pozwalaj\u0105 na identyfikacj\u0119 U\u017cytkownik\u00f3w. Korzystamy r\u00f3wnie\u017c z technologii localStorage aby uzyska\u0107 informacje o tym czego poszukujecie. Dzi\u0119ki temu strona pozyskuje informacje o tym, co powinni\u015bmy ulepszy\u0107. Pliki \u201ecookies\u201d i dane z localStorage pomagaj\u0105 r\u00f3wnie\u017c utrzyma\u0107 sesje po zalogowaniu U\u017cytkownika. Identyfikacja w zakresie tych plik\u00f3w jest bezosobowa i obejmuje wy\u0142\u0105cznie dane dotycz\u0105ce sposobu i formy korzystania z naszych stron i narz\u0119dzi.<\/p>\n<h2>Zmiany Polityki Prywatno\u015bci<\/h2>\n<p>Stale pracujemy nad tym, aby co\u015b ulepszy\u0107 \u2013 us\u0142ugi, oferty, narz\u0119dzia, bezpiecze\u0144stwo. \u015aledzimy nowinki techniczne, stale poszukujemy nowych, lepszych rozwi\u0105za\u0144. Poniewa\u017c ci\u0105gle rozwijamy si\u0119, nasza Polityka Prywatno\u015bci jest na bie\u017c\u0105co aktualizowana.<\/p>\n<\/div>\n","protected":false},"excerpt":{"rendered":"<p>Polityka prywatno\u015bci Polityka prywatno\u015bci Firma D\u017awigowa Jakub Urbanek okre\u015bla zasady zbierania, przetwarzania oraz wykorzystywania Pa\u0144stwa danych osobowych, kt\u00f3re pozyskujemy w trakcie korzystania z us\u0142ug naszego sklepu internetowego. Dok\u0142adamy najlepszych stara\u0144, aby zapewni\u0107 bezpiecze\u0144stwo danych, kt\u00f3re przetwarzamy a nasze dzia\u0142ania nast\u0119puj\u0105 ze szczeg\u00f3lnym poszanowaniem prawa do prywatno\u015bci. Administrator danych osobowych Administratorem danych osobowych jest Firma D\u017awigowa [&hellip;]<\/p>\n","protected":false},"author":1,"featured_media":0,"parent":0,"menu_order":0,"comment_status":"closed","ping_status":"closed","template":"","meta":{"footnotes":""},"class_list":["post-1174","page","type-page","status-publish","hentry"],"yoast_head":"<!-- This site is optimized with the Yoast SEO plugin v26.2 - https:\/\/yoast.com\/wordpress\/plugins\/seo\/ -->\n<title>Polityka prywatno\u015bci - D\u017awignice - Szkolenia<\/title>\n<meta name=\"robots\" content=\"index, follow, max-snippet:-1, max-image-preview:large, max-video-preview:-1\" \/>\n<link rel=\"canonical\" href=\"https:\/\/dzwignice.pl\/szkolenia-operatorow\/polityka-prywatnosci\/\" \/>\n<meta property=\"og:locale\" content=\"pl_PL\" \/>\n<meta property=\"og:type\" content=\"article\" \/>\n<meta property=\"og:title\" content=\"Polityka prywatno\u015bci - D\u017awignice - Szkolenia\" \/>\n<meta property=\"og:description\" content=\"Polityka prywatno\u015bci Polityka prywatno\u015bci Firma D\u017awigowa Jakub Urbanek okre\u015bla zasady zbierania, przetwarzania oraz wykorzystywania Pa\u0144stwa danych osobowych, kt\u00f3re pozyskujemy w trakcie korzystania z us\u0142ug naszego sklepu internetowego. Dok\u0142adamy najlepszych stara\u0144, aby zapewni\u0107 bezpiecze\u0144stwo danych, kt\u00f3re przetwarzamy a nasze dzia\u0142ania nast\u0119puj\u0105 ze szczeg\u00f3lnym poszanowaniem prawa do prywatno\u015bci. Administrator danych osobowych Administratorem danych osobowych jest Firma D\u017awigowa [&hellip;]\" \/>\n<meta property=\"og:url\" content=\"https:\/\/dzwignice.pl\/szkolenia-operatorow\/polityka-prywatnosci\/\" \/>\n<meta property=\"og:site_name\" content=\"D\u017awignice - Szkolenia\" \/>\n<meta name=\"twitter:card\" content=\"summary_large_image\" \/>\n<meta name=\"twitter:label1\" content=\"Szacowany czas czytania\" \/>\n\t<meta name=\"twitter:data1\" content=\"3 minuty\" \/>\n<script type=\"application\/ld+json\" class=\"yoast-schema-graph\">{\"@context\":\"https:\/\/schema.org\",\"@graph\":[{\"@type\":\"WebPage\",\"@id\":\"https:\/\/dzwignice.pl\/szkolenia-operatorow\/polityka-prywatnosci\/\",\"url\":\"https:\/\/dzwignice.pl\/szkolenia-operatorow\/polityka-prywatnosci\/\",\"name\":\"Polityka prywatno\u015bci - D\u017awignice - Szkolenia\",\"isPartOf\":{\"@id\":\"https:\/\/dzwignice.pl\/szkolenia-operatorow\/#website\"},\"datePublished\":\"2025-10-25T14:35:19+00:00\",\"breadcrumb\":{\"@id\":\"https:\/\/dzwignice.pl\/szkolenia-operatorow\/polityka-prywatnosci\/#breadcrumb\"},\"inLanguage\":\"pl-PL\",\"potentialAction\":[{\"@type\":\"ReadAction\",\"target\":[\"https:\/\/dzwignice.pl\/szkolenia-operatorow\/polityka-prywatnosci\/\"]}]},{\"@type\":\"BreadcrumbList\",\"@id\":\"https:\/\/dzwignice.pl\/szkolenia-operatorow\/polityka-prywatnosci\/#breadcrumb\",\"itemListElement\":[{\"@type\":\"ListItem\",\"position\":1,\"name\":\"Strona g\u0142\u00f3wna\",\"item\":\"https:\/\/dzwignice.pl\/szkolenia-operatorow\/\"},{\"@type\":\"ListItem\",\"position\":2,\"name\":\"Polityka prywatno\u015bci\"}]},{\"@type\":\"WebSite\",\"@id\":\"https:\/\/dzwignice.pl\/szkolenia-operatorow\/#website\",\"url\":\"https:\/\/dzwignice.pl\/szkolenia-operatorow\/\",\"name\":\"D\u017awignice - Szkolenia\",\"description\":\"\",\"publisher\":{\"@id\":\"https:\/\/dzwignice.pl\/szkolenia-operatorow\/#organization\"},\"potentialAction\":[{\"@type\":\"SearchAction\",\"target\":{\"@type\":\"EntryPoint\",\"urlTemplate\":\"https:\/\/dzwignice.pl\/szkolenia-operatorow\/?s={search_term_string}\"},\"query-input\":{\"@type\":\"PropertyValueSpecification\",\"valueRequired\":true,\"valueName\":\"search_term_string\"}}],\"inLanguage\":\"pl-PL\"},{\"@type\":\"Organization\",\"@id\":\"https:\/\/dzwignice.pl\/szkolenia-operatorow\/#organization\",\"name\":\"D\u017awignice - Szkolenia\",\"url\":\"https:\/\/dzwignice.pl\/szkolenia-operatorow\/\",\"logo\":{\"@type\":\"ImageObject\",\"inLanguage\":\"pl-PL\",\"@id\":\"https:\/\/dzwignice.pl\/szkolenia-operatorow\/#\/schema\/logo\/image\/\",\"url\":\"https:\/\/dzwignice.pl\/szkolenia-operatorow\/wp-content\/uploads\/sites\/3\/2025\/06\/logo-1-1.png\",\"contentUrl\":\"https:\/\/dzwignice.pl\/szkolenia-operatorow\/wp-content\/uploads\/sites\/3\/2025\/06\/logo-1-1.png\",\"width\":248,\"height\":53,\"caption\":\"D\u017awignice - Szkolenia\"},\"image\":{\"@id\":\"https:\/\/dzwignice.pl\/szkolenia-operatorow\/#\/schema\/logo\/image\/\"}}]}<\/script>\n<!-- \/ Yoast SEO plugin. -->","yoast_head_json":{"title":"Polityka prywatno\u015bci - D\u017awignice - Szkolenia","robots":{"index":"index","follow":"follow","max-snippet":"max-snippet:-1","max-image-preview":"max-image-preview:large","max-video-preview":"max-video-preview:-1"},"canonical":"https:\/\/dzwignice.pl\/szkolenia-operatorow\/polityka-prywatnosci\/","og_locale":"pl_PL","og_type":"article","og_title":"Polityka prywatno\u015bci - D\u017awignice - Szkolenia","og_description":"Polityka prywatno\u015bci Polityka prywatno\u015bci Firma D\u017awigowa Jakub Urbanek okre\u015bla zasady zbierania, przetwarzania oraz wykorzystywania Pa\u0144stwa danych osobowych, kt\u00f3re pozyskujemy w trakcie korzystania z us\u0142ug naszego sklepu internetowego. Dok\u0142adamy najlepszych stara\u0144, aby zapewni\u0107 bezpiecze\u0144stwo danych, kt\u00f3re przetwarzamy a nasze dzia\u0142ania nast\u0119puj\u0105 ze szczeg\u00f3lnym poszanowaniem prawa do prywatno\u015bci. Administrator danych osobowych Administratorem danych osobowych jest Firma D\u017awigowa [&hellip;]","og_url":"https:\/\/dzwignice.pl\/szkolenia-operatorow\/polityka-prywatnosci\/","og_site_name":"D\u017awignice - Szkolenia","twitter_card":"summary_large_image","twitter_misc":{"Szacowany czas czytania":"3 minuty"},"schema":{"@context":"https:\/\/schema.org","@graph":[{"@type":"WebPage","@id":"https:\/\/dzwignice.pl\/szkolenia-operatorow\/polityka-prywatnosci\/","url":"https:\/\/dzwignice.pl\/szkolenia-operatorow\/polityka-prywatnosci\/","name":"Polityka prywatno\u015bci - D\u017awignice - Szkolenia","isPartOf":{"@id":"https:\/\/dzwignice.pl\/szkolenia-operatorow\/#website"},"datePublished":"2025-10-25T14:35:19+00:00","breadcrumb":{"@id":"https:\/\/dzwignice.pl\/szkolenia-operatorow\/polityka-prywatnosci\/#breadcrumb"},"inLanguage":"pl-PL","potentialAction":[{"@type":"ReadAction","target":["https:\/\/dzwignice.pl\/szkolenia-operatorow\/polityka-prywatnosci\/"]}]},{"@type":"BreadcrumbList","@id":"https:\/\/dzwignice.pl\/szkolenia-operatorow\/polityka-prywatnosci\/#breadcrumb","itemListElement":[{"@type":"ListItem","position":1,"name":"Strona g\u0142\u00f3wna","item":"https:\/\/dzwignice.pl\/szkolenia-operatorow\/"},{"@type":"ListItem","position":2,"name":"Polityka prywatno\u015bci"}]},{"@type":"WebSite","@id":"https:\/\/dzwignice.pl\/szkolenia-operatorow\/#website","url":"https:\/\/dzwignice.pl\/szkolenia-operatorow\/","name":"D\u017awignice - Szkolenia","description":"","publisher":{"@id":"https:\/\/dzwignice.pl\/szkolenia-operatorow\/#organization"},"potentialAction":[{"@type":"SearchAction","target":{"@type":"EntryPoint","urlTemplate":"https:\/\/dzwignice.pl\/szkolenia-operatorow\/?s={search_term_string}"},"query-input":{"@type":"PropertyValueSpecification","valueRequired":true,"valueName":"search_term_string"}}],"inLanguage":"pl-PL"},{"@type":"Organization","@id":"https:\/\/dzwignice.pl\/szkolenia-operatorow\/#organization","name":"D\u017awignice - Szkolenia","url":"https:\/\/dzwignice.pl\/szkolenia-operatorow\/","logo":{"@type":"ImageObject","inLanguage":"pl-PL","@id":"https:\/\/dzwignice.pl\/szkolenia-operatorow\/#\/schema\/logo\/image\/","url":"https:\/\/dzwignice.pl\/szkolenia-operatorow\/wp-content\/uploads\/sites\/3\/2025\/06\/logo-1-1.png","contentUrl":"https:\/\/dzwignice.pl\/szkolenia-operatorow\/wp-content\/uploads\/sites\/3\/2025\/06\/logo-1-1.png","width":248,"height":53,"caption":"D\u017awignice - Szkolenia"},"image":{"@id":"https:\/\/dzwignice.pl\/szkolenia-operatorow\/#\/schema\/logo\/image\/"}}]}},"_links":{"self":[{"href":"https:\/\/dzwignice.pl\/szkolenia-operatorow\/wp-json\/wp\/v2\/pages\/1174","targetHints":{"allow":["GET"]}}],"collection":[{"href":"https:\/\/dzwignice.pl\/szkolenia-operatorow\/wp-json\/wp\/v2\/pages"}],"about":[{"href":"https:\/\/dzwignice.pl\/szkolenia-operatorow\/wp-json\/wp\/v2\/types\/page"}],"author":[{"embeddable":true,"href":"https:\/\/dzwignice.pl\/szkolenia-operatorow\/wp-json\/wp\/v2\/users\/1"}],"replies":[{"embeddable":true,"href":"https:\/\/dzwignice.pl\/szkolenia-operatorow\/wp-json\/wp\/v2\/comments?post=1174"}],"version-history":[{"count":0,"href":"https:\/\/dzwignice.pl\/szkolenia-operatorow\/wp-json\/wp\/v2\/pages\/1174\/revisions"}],"wp:attachment":[{"href":"https:\/\/dzwignice.pl\/szkolenia-operatorow\/wp-json\/wp\/v2\/media?parent=1174"}],"curies":[{"name":"wp","href":"https:\/\/api.w.org\/{rel}","templated":true}]}}